{"id":6,"date":"2022-01-15T09:15:50","date_gmt":"2022-01-15T09:15:50","guid":{"rendered":"https:\/\/demo.themefreesia.com\/photograph\/?page_id=6"},"modified":"2022-09-08T11:42:38","modified_gmt":"2022-09-08T09:42:38","slug":"home","status":"publish","type":"page","link":"https:\/\/www.tatoueurparis.eu\/","title":{"rendered":"Tatouage R\u00e9aliste Paris"},"content":{"rendered":"<p>[vc_row full_width=\u00a0\u00bbstretch_row_content_no_spaces\u00a0\u00bb equal_height=\u00a0\u00bbyes\u00a0\u00bb content_placement=\u00a0\u00bbmiddle\u00a0\u00bb css=\u00a0\u00bb.vc_custom_1662630157346{background-color: #f4f4f4 !important;}\u00a0\u00bb][vc_column]\n\t\t\t<!-- START Slider 1 REVOLUTION SLIDER 6.5.14 --><p class=\"rs-p-wp-fix\"><\/p>\n\t\t\t<rs-module-wrap id=\"rev_slider_1_1_wrapper\" data-source=\"gallery\" style=\"visibility:hidden;background:transparent;padding:0;margin:0px auto;margin-top:0;margin-bottom:0;\">\n\t\t\t\t<rs-module id=\"rev_slider_1_1\" style=\"\" data-version=\"6.5.14\">\n\t\t\t\t\t<rs-slides>\n\t\t\t\t\t\t<rs-slide style=\"position: absolute;\" data-key=\"rs-1\" data-title=\"Slide\" data-duration=\"2000ms\" data-in=\"o:1;\" data-out=\"x:100%;\">\n\t\t\t\t\t\t\t<img loading=\"lazy\" decoding=\"async\" src=\"\/\/www.tatoueurparis.eu\/wp-content\/plugins\/revslider\/public\/assets\/assets\/dummy.png\" alt=\"\" title=\"slide5\" width=\"1920\" height=\"600\" class=\"rev-slidebg tp-rs-img rs-lazyload\" data-lazyload=\"\/\/tatoueurparis.eu\/wp-content\/uploads\/2022\/01\/slide5.png\" data-bg=\"f:100% 100%;\" data-no-retina>\n<!---->\t\t\t\t\t\t<\/rs-slide>\n\t\t\t\t\t\t<rs-slide style=\"position: absolute;\" data-key=\"rs-2\" data-title=\"Slide\" data-duration=\"2000ms\" data-in=\"o:1;\" data-out=\"x:100%;\">\n\t\t\t\t\t\t\t<img loading=\"lazy\" decoding=\"async\" src=\"\/\/www.tatoueurparis.eu\/wp-content\/plugins\/revslider\/public\/assets\/assets\/dummy.png\" alt=\"\" title=\"slide-alvaro4\" width=\"1920\" height=\"600\" class=\"rev-slidebg tp-rs-img rs-lazyload\" data-lazyload=\"\/\/tatoueurparis.eu\/wp-content\/uploads\/2022\/01\/slide-alvaro4.jpg\" data-bg=\"f:100% 100%;\" data-no-retina>\n<!---->\t\t\t\t\t\t<\/rs-slide>\n\t\t\t\t\t<\/rs-slides>\n\t\t\t\t<\/rs-module>\n\t\t\t\t<script>\n\t\t\t\t\tsetREVStartSize({c: 'rev_slider_1_1',rl:[1240,1024,778,480],el:[600],gw:[1920],gh:[600],type:'standard',justify:'',layout:'fullwidth',mh:\"0\"});if (window.RS_MODULES!==undefined && window.RS_MODULES.modules!==undefined && window.RS_MODULES.modules[\"revslider11\"]!==undefined) {window.RS_MODULES.modules[\"revslider11\"].once = false;window.revapi1 = undefined;if (window.RS_MODULES.checkMinimal!==undefined) window.RS_MODULES.checkMinimal()}\n\t\t\t\t<\/script>\n\t\t\t<\/rs-module-wrap>\n\t\t\t<!-- END REVOLUTION SLIDER -->\n[\/vc_column][\/vc_row][vc_row full_width=\u00a0\u00bbstretch_row_content\u00a0\u00bb equal_height=\u00a0\u00bbyes\u00a0\u00bb css=\u00a0\u00bb.vc_custom_1642767176403{padding-top: 20px !important;padding-bottom: 20px !important;background-color: #f4f4f4 !important;}\u00a0\u00bb][vc_column offset=\u00a0\u00bbvc_hidden-xs\u00a0\u00bb][\/vc_column][\/vc_row][vc_row full_width=\u00a0\u00bbstretch_row\u00a0\u00bb css=\u00a0\u00bb.vc_custom_1642100718876{margin-top: -20px !important;background-color: #f4f4f4 !important;}\u00a0\u00bb][vc_column][vc_row_inner][vc_column_inner width=\u00a0\u00bb1\/2&Prime;][vc_column_text]<\/p>\n<h2>LE TATOUAGE R\u00c9ALISTE<\/h2>\n<p>[\/vc_column_text][vc_column_text]La team Kalie Art Tattoo est pr\u00e9sente pour vous, sans rendez-vous, pour<br \/>\nparler de vos projets de tatouage en r\u00e9alisme. Avec nos trois artistes<br \/>\ndot\u00e9s de plusieurs ann\u00e9es d\u2019exp\u00e9rience dans cette technique peu<br \/>\nr\u00e9pandue dans les salons, nous trouverons ensemble le moyen de sublimer<br \/>\nvotre corps avec des projets d\u2019une pr\u00e9cision absolue et techniquement<br \/>\nparfaite.<\/p>\n<p>Nous comptons dans notre \u00e9quipe actuellement trois artistes tatoueurs<br \/>\ncapables de r\u00e9aliser vos projets en r\u00e9alisme sous diff\u00e9rentes formes,<br \/>\nhonneur aux femmes avec Kalie qui travaille essentiellement les projets<br \/>\nen couleurs, puis nous avons Alvaro, sp\u00e9cialis\u00e9 en noir et gris, mais<br \/>\nqui aime aussi faire de la couleur, il sera plut\u00f4t sur un r\u00e9alisme<br \/>\navec du petit d\u00e9tail si besoin, et enfin, serge qui lui travaille aussi<br \/>\nle noir et gris mais qui aime les grosses pi\u00e8ces avec une tr\u00e8s bonne<br \/>\nlecture de loin, parfait pour des dos ou bras et jambes compl\u00e8tes.<\/p>\n<p>\u00c0 l\u2019\u00e9coute du tatouage de vos r\u00eaves, ils sauront vous accompagner<br \/>\ndans la cr\u00e9ation de votre projet. Tous aussi bons dans leur savoir-faire<br \/>\nqu\u2019en travail de photocomposition, ils \u0153uvreront pour poser avec<br \/>\npr\u00e9cision sur votre corps cette pi\u00e8ce. Une infinit\u00e9 de possibilit\u00e9s<br \/>\nsont envisageables et aucune limite n\u2019est permise dans la cr\u00e9ation.<br \/>\nEn effet, il est possible de travailler sur nos tablettes vos projets<br \/>\ngr\u00e2ce \u00e0 diff\u00e9rents proc\u00e9d\u00e9s et de pouvoir jumeler d\u00e9cors ou<br \/>\npersonnages ensemble ou de l\u2019insertion d\u2019\u00e9l\u00e9ments graphiques et de<br \/>\npaterne afin de donner du caract\u00e8re et une singularit\u00e9 \u00e0 votre<br \/>\ntatouage.<\/p>\n<p>Que vous souhaitiez illustrer votre personnage de culture pop pr\u00e9f\u00e9r\u00e9<br \/>\navec Kalie ou encore une composition repr\u00e9sentant la sc\u00e8ne de bataille<br \/>\nhistorique qui vous fera vibrer avec Alvaro en passant par un portrait<br \/>\ncontrast\u00e9 et stylis\u00e9 avec Serge, vous serez re\u00e7u avec le meilleur<br \/>\nsuivi possible au sein de notre \u00e9quipe.<\/p>\n<p>Munissez-vous d\u2019images, de r\u00e9f\u00e9rences et d\u2019indications claires sur<br \/>\nla zone que vous souhaitez magnifier et vous serez pris en main par<br \/>\nKaiser et ses artistes en toute confiance.[\/vc_column_text][\/vc_column_inner][vc_column_inner width=\u00a0\u00bb1\/2&Prime;][vc_single_image image=\u00a0\u00bb431&Prime; img_size=\u00a0\u00bbfull\u00a0\u00bb alignment=\u00a0\u00bbcenter\u00a0\u00bb onclick=\u00a0\u00bblink_image\u00a0\u00bb css=\u00a0\u00bb.vc_custom_1642162763682{margin-top: -30px !important;}\u00a0\u00bb][\/vc_column_inner][\/vc_row_inner][\/vc_column][\/vc_row][vc_row][vc_column][vc_column_text]<\/p>\n<h2 style=\"text-align: left; font-size: 1.2m;\">KALIE<\/h2>\n<p>[\/vc_column_text][\/vc_column][\/vc_row][vc_row][vc_column][vc_media_grid element_width=\u00a0\u00bb3&Prime; grid_id=\u00a0\u00bbvc_gid:1662630119661-c53d619c-f9c4-5&Prime; include=\u00a0\u00bb455,399,398,396,395,397,394,393&Prime;][\/vc_column][\/vc_row][vc_row][vc_column][vc_column_text]<\/p>\n<h2 style=\"text-align: left;\">ALVARO SANCHEZ<\/h2>\n<p>[\/vc_column_text][\/vc_column][\/vc_row][vc_row][vc_column][vc_media_grid element_width=\u00a0\u00bb3&Prime; grid_id=\u00a0\u00bbvc_gid:1662630119669-e47373bd-1937-0&Prime; include=\u00a0\u00bb401,402,453,403,410,405,407,409&Prime;][\/vc_column][\/vc_row][vc_row][vc_column][vc_column_text]<\/p>\n<h2 style=\"text-align: left;\">SERGE<\/h2>\n<p>[\/vc_column_text][\/vc_column][\/vc_row][vc_row][vc_column][vc_media_grid element_width=\u00a0\u00bb3&Prime; grid_id=\u00a0\u00bbvc_gid:1662630119676-64613042-8bad-10&Prime; include=\u00a0\u00bb443,442,447,446,441,444,445,450&Prime;][\/vc_column][\/vc_row][vc_row][vc_column][vc_column_text]<\/p>\n<h2 style=\"text-align: left;\">QU\u2019EST-CE QUE LE TATOUAGE R\u00c9ALISTE ?<\/h2>\n<p>[\/vc_column_text][\/vc_column][\/vc_row][vc_row][vc_column width=\u00a0\u00bb1\/2&Prime;][vc_column_text]Petit cours Historique rapide sur ce qu&rsquo;est le r\u00e9alisme, c&rsquo;est un<br \/>\nmouvement artistique propre \u00e0 la peinture ou \u00e0 la litt\u00e9rature. Apparu<br \/>\nau milieu du XIX e si\u00e8cle, ce courant s\u2019inspire dans ces tableaux de<br \/>\nfaits r\u00e9els afin d\u2019en retranscrire le plus fid\u00e8lement possible la<br \/>\nvie quotidienne.<\/p>\n<p>Le tatouage r\u00e9aliste est une technique qui se caract\u00e9rise par la<br \/>\nressemblance avec la r\u00e9alit\u00e9 du sujet \u00e0 trait\u00e9. Que l\u2019image de<br \/>\nr\u00e9f\u00e9rence soit un portrait d&rsquo;un \u00eatre cher ou d&rsquo;un acteur, une<br \/>\nphotographie d&rsquo;une sc\u00e8ne, un tableau, un animal, une statue ou encore<br \/>\nun paysage, l\u2019objectif est de r\u00e9aliser un tatouage qui se rapprochera<br \/>\nau d\u00e9tail pr\u00e8s de l\u2019image de r\u00e9f\u00e9rence.<\/p>\n<p>[\/vc_column_text][\/vc_column][vc_column width=\u00a0\u00bb1\/2&Prime;][vc_column_text]Techniquement, le style r\u00e9aliste n\u00e9cessite une ma\u00eetrise pointue et<br \/>\npr\u00e9cise d&rsquo;une des nombreuses techniques de tatouage : il s\u2019agit de<br \/>\nfaire preuve de finesse dans les ombrages et d\u00e9grad\u00e9s noir et gris ou<br \/>\nen couleur et d\u2019un regard m\u00e9ticuleux qui permettra une reproduction<br \/>\nfid\u00e8le du sujet. Plus le tatoueur travaillera en d\u00e9tail, plus le<br \/>\nprojet sera r\u00e9ussi.<\/p>\n<p>C\u2019est la raison pour laquelle il est souvent recommand\u00e9 d\u2019effectuer<br \/>\nun tatouage r\u00e9aliste dans une taille suffisante afin d\u2019y ins\u00e9rer un<br \/>\nmaximum de d\u00e9tails.<\/p>\n<p>On travaille g\u00e9n\u00e9ralement sans contours, contrairement au style<br \/>\nsemi-r\u00e9aliste.[\/vc_column_text][\/vc_column][\/vc_row][vc_row][vc_column][vc_column_text]<\/p>\n<h2 style=\"text-align: left;\">REMISE TROPH\u00c9E<\/h2>\n<p>[\/vc_column_text][\/vc_column][\/vc_row][vc_row][vc_column][vc_media_grid element_width=\u00a0\u00bb2&Prime; grid_id=\u00a0\u00bbvc_gid:1662630119683-cfea742d-b132-4&Prime; include=\u00a0\u00bb457,458,459,460,462,463,464,465,466,467,468,469&Prime;][\/vc_column][\/vc_row][vc_row][vc_column width=\u00a0\u00bb1\/6&Prime;][\/vc_column][vc_column width=\u00a0\u00bb2\/3&Prime;][vc_separator color=\u00a0\u00bbblack\u00a0\u00bb el_width=\u00a0\u00bb30&Prime;][vc_column_text]<\/p>\n<h2 style=\"text-align: center;\">Contact<\/h2>\n<p>[\/vc_column_text][vc_column_text]<\/p>\n<p style=\"text-align: center;\">Vous souhaitez avoir des r\u00e9ponses \u00e0 vos questions concernant votre projet de tatouage ? Notre \u00e9quipe d\u2019artistes tatoueurs \u00e0 Paris se met \u00e0 votre disposition pour vous aider \u00e0 obtenir le tatouage que vous avez toujours voulu.<\/p>\n<p>[\/vc_column_text][\/vc_column][vc_column width=\u00a0\u00bb1\/6&Prime;][\/vc_column][\/vc_row][vc_row][vc_column width=\u00a0\u00bb1\/4&Prime;][\/vc_column][vc_column width=\u00a0\u00bb1\/2&Prime;]\n<div class=\"wpcf7 no-js\" id=\"wpcf7-f357-o1\" lang=\"es-ES\" dir=\"ltr\" data-wpcf7-id=\"357\">\n<div class=\"screen-reader-response\"><p role=\"status\" aria-live=\"polite\" aria-atomic=\"true\"><\/p> <ul><\/ul><\/div>\n<form action=\"\/index.php\/wp-json\/wp\/v2\/pages\/6#wpcf7-f357-o1\" method=\"post\" class=\"wpcf7-form init\" aria-label=\"Formulario de contacto\" novalidate=\"novalidate\" data-status=\"init\">\n<fieldset class=\"hidden-fields-container\"><input type=\"hidden\" name=\"_wpcf7\" value=\"357\" \/><input type=\"hidden\" name=\"_wpcf7_version\" value=\"6.1.5\" \/><input type=\"hidden\" name=\"_wpcf7_locale\" value=\"es_ES\" \/><input type=\"hidden\" name=\"_wpcf7_unit_tag\" value=\"wpcf7-f357-o1\" \/><input type=\"hidden\" name=\"_wpcf7_container_post\" value=\"0\" \/><input type=\"hidden\" name=\"_wpcf7_posted_data_hash\" value=\"\" \/>\n<\/fieldset>\n<p><label> Nom<br \/>\n<span class=\"wpcf7-form-control-wrap\" data-name=\"your-name\"><input size=\"40\" maxlength=\"400\" class=\"wpcf7-form-control wpcf7-text wpcf7-validates-as-required\" aria-required=\"true\" aria-invalid=\"false\" value=\"\" type=\"text\" name=\"your-name\" \/><\/span> <\/label>\n<\/p>\n<p><label> Email<br \/>\n<span class=\"wpcf7-form-control-wrap\" data-name=\"your-email\"><input size=\"40\" maxlength=\"400\" class=\"wpcf7-form-control wpcf7-email wpcf7-validates-as-required wpcf7-text wpcf7-validates-as-email\" aria-required=\"true\" aria-invalid=\"false\" value=\"\" type=\"email\" name=\"your-email\" \/><\/span> <\/label>\n<\/p>\n<p><label> Message<br \/>\n<span class=\"wpcf7-form-control-wrap\" data-name=\"your-message\"><textarea cols=\"40\" rows=\"4\" maxlength=\"2000\" class=\"wpcf7-form-control wpcf7-textarea\" aria-invalid=\"false\" name=\"your-message\"><\/textarea><\/span> <\/label>\n<\/p>\n<p><input class=\"wpcf7-form-control wpcf7-submit has-spinner\" type=\"submit\" value=\"Envoyer\" \/>\n<\/p><div class=\"wpcf7-response-output\" aria-hidden=\"true\"><\/div>\n<\/form>\n<\/div>\n[\/vc_column][vc_column width=\u00a0\u00bb1\/4&Prime;][\/vc_column][\/vc_row][vc_row][vc_column][vc_column_text]<\/p>\n<p style=\"text-align: center;\">Kalie Art Tattoo &#8211; Paris Ink<br \/>\n3, rue Nicolas Flamel &#8211; 75004 Paris<br \/>\n<a href=\"https:\/\/www.kalieart.com\" target=\"_blank\" rel=\"noopener\">www.kalieart.com<\/a><\/p>\n<p>[\/vc_column_text][\/vc_column][\/vc_row][vc_row][vc_column][vc_widget_sidebar][\/vc_column][\/vc_row]<\/p>\n","protected":false},"excerpt":{"rendered":"<p>[vc_row full_width=\u00a0\u00bbstretch_row_content_no_spaces\u00a0\u00bb equal_height=\u00a0\u00bbyes\u00a0\u00bb content_placement=\u00a0\u00bbmiddle\u00a0\u00bb css=\u00a0\u00bb.vc_custom_1662630157346{background-color: #f4f4f4 !important;}\u00a0\u00bb][vc_column][\/vc_column][\/vc_row][vc_row full_width=\u00a0\u00bbstretch_row_content\u00a0\u00bb equal_height=\u00a0\u00bbyes\u00a0\u00bb css=\u00a0\u00bb.vc_custom_1642767176403{padding-top: 20px !important;padding-bottom: 20px !important;background-color: #f4f4f4 !important;}\u00a0\u00bb][vc_column offset=\u00a0\u00bbvc_hidden-xs\u00a0\u00bb][\/vc_column][\/vc_row][vc_row full_width=\u00a0\u00bbstretch_row\u00a0\u00bb css=\u00a0\u00bb.vc_custom_1642100718876{margin-top: -20px !important;background-color: #f4f4f4 !important;}\u00a0\u00bb][vc_column][vc_row_inner][vc_column_inner width=\u00a0\u00bb1\/2&Prime;][vc_column_text] LE&hellip; <\/p>\n","protected":false},"author":3,"featured_media":455,"parent":0,"menu_order":0,"comment_status":"closed","ping_status":"closed","template":"page-templates\/gallery-template.php","meta":{"footnotes":""},"class_list":["post-6","page","type-page","status-publish","has-post-thumbnail","hentry"],"yoast_head":"<!-- This site is optimized with the Yoast SEO plugin v27.3 - https:\/\/yoast.com\/product\/yoast-seo-wordpress\/ -->\n<title>Tatouage r\u00e9aliste | Tatouage r\u00e9alisme Paris | Tatoueur Paris \u2013 Kalie Art Tattoo<\/title>\n<meta name=\"description\" content=\"Tatouage r\u00e9aliste, le salon Kalie Art Tattoo vous propose de vous accompagner dans la r\u00e9alisation de vos projets de tatouage en r\u00e9alisme.\" \/>\n<meta name=\"robots\" content=\"index, follow, max-snippet:-1, max-image-preview:large, max-video-preview:-1\" \/>\n<link rel=\"canonical\" href=\"https:\/\/www.tatoueurparis.eu\/\" \/>\n<meta property=\"og:locale\" content=\"fr_FR\" \/>\n<meta property=\"og:type\" content=\"article\" \/>\n<meta property=\"og:title\" content=\"Tatouage r\u00e9aliste | Tatouage r\u00e9alisme Paris | Tatoueur Paris \u2013 Kalie Art Tattoo\" \/>\n<meta property=\"og:description\" content=\"Tatouage r\u00e9aliste, le salon Kalie Art Tattoo vous propose de vous accompagner dans la r\u00e9alisation de vos projets de tatouage en r\u00e9alisme.\" \/>\n<meta property=\"og:url\" content=\"https:\/\/www.tatoueurparis.eu\/\" \/>\n<meta property=\"og:site_name\" content=\"Tatoueur Paris \u2013 Kalie Art Tattoo\" \/>\n<meta property=\"article:modified_time\" content=\"2022-09-08T09:42:38+00:00\" \/>\n<meta property=\"og:image\" content=\"https:\/\/www.tatoueurparis.eu\/wp-content\/uploads\/2022\/01\/6.jpg\" \/>\n\t<meta property=\"og:image:width\" content=\"1417\" \/>\n\t<meta property=\"og:image:height\" content=\"1743\" \/>\n\t<meta property=\"og:image:type\" content=\"image\/jpeg\" \/>\n<meta name=\"twitter:card\" content=\"summary_large_image\" \/>\n<meta name=\"twitter:label1\" content=\"Dur\u00e9e de lecture estim\u00e9e\" \/>\n\t<meta name=\"twitter:data1\" content=\"4 minutes\" \/>\n<script type=\"application\/ld+json\" class=\"yoast-schema-graph\">{\"@context\":\"https:\\\/\\\/schema.org\",\"@graph\":[{\"@type\":\"WebPage\",\"@id\":\"https:\\\/\\\/www.tatoueurparis.eu\\\/\",\"url\":\"https:\\\/\\\/www.tatoueurparis.eu\\\/\",\"name\":\"Tatouage r\u00e9aliste | Tatouage r\u00e9alisme Paris | Tatoueur Paris \u2013 Kalie Art Tattoo\",\"isPartOf\":{\"@id\":\"https:\\\/\\\/www.tatoueurparis.eu\\\/#website\"},\"primaryImageOfPage\":{\"@id\":\"https:\\\/\\\/www.tatoueurparis.eu\\\/#primaryimage\"},\"image\":{\"@id\":\"https:\\\/\\\/www.tatoueurparis.eu\\\/#primaryimage\"},\"thumbnailUrl\":\"https:\\\/\\\/www.tatoueurparis.eu\\\/wp-content\\\/uploads\\\/2022\\\/01\\\/6.jpg\",\"datePublished\":\"2022-01-15T09:15:50+00:00\",\"dateModified\":\"2022-09-08T09:42:38+00:00\",\"description\":\"Tatouage r\u00e9aliste, le salon Kalie Art Tattoo vous propose de vous accompagner dans la r\u00e9alisation de vos projets de tatouage en r\u00e9alisme.\",\"breadcrumb\":{\"@id\":\"https:\\\/\\\/www.tatoueurparis.eu\\\/#breadcrumb\"},\"inLanguage\":\"fr-FR\",\"potentialAction\":[{\"@type\":\"ReadAction\",\"target\":[\"https:\\\/\\\/www.tatoueurparis.eu\\\/\"]}]},{\"@type\":\"ImageObject\",\"inLanguage\":\"fr-FR\",\"@id\":\"https:\\\/\\\/www.tatoueurparis.eu\\\/#primaryimage\",\"url\":\"https:\\\/\\\/www.tatoueurparis.eu\\\/wp-content\\\/uploads\\\/2022\\\/01\\\/6.jpg\",\"contentUrl\":\"https:\\\/\\\/www.tatoueurparis.eu\\\/wp-content\\\/uploads\\\/2022\\\/01\\\/6.jpg\",\"width\":1417,\"height\":1743,\"caption\":\"Tatouage r\u00e9alisme paris\"},{\"@type\":\"BreadcrumbList\",\"@id\":\"https:\\\/\\\/www.tatoueurparis.eu\\\/#breadcrumb\",\"itemListElement\":[{\"@type\":\"ListItem\",\"position\":1,\"name\":\"Home\",\"item\":\"https:\\\/\\\/www.tatoueurparis.eu\\\/\"},{\"@type\":\"ListItem\",\"position\":2,\"name\":\"Tatouage R\u00e9aliste Paris\"}]},{\"@type\":\"WebSite\",\"@id\":\"https:\\\/\\\/www.tatoueurparis.eu\\\/#website\",\"url\":\"https:\\\/\\\/www.tatoueurparis.eu\\\/\",\"name\":\"Tatoueur Paris \u2013 Kalie Art Tattoo\",\"description\":\"Kalie Art Tattoo\",\"publisher\":{\"@id\":\"https:\\\/\\\/www.tatoueurparis.eu\\\/#organization\"},\"potentialAction\":[{\"@type\":\"SearchAction\",\"target\":{\"@type\":\"EntryPoint\",\"urlTemplate\":\"https:\\\/\\\/www.tatoueurparis.eu\\\/?s={search_term_string}\"},\"query-input\":{\"@type\":\"PropertyValueSpecification\",\"valueRequired\":true,\"valueName\":\"search_term_string\"}}],\"inLanguage\":\"fr-FR\"},{\"@type\":\"Organization\",\"@id\":\"https:\\\/\\\/www.tatoueurparis.eu\\\/#organization\",\"name\":\"Kalie Art Tattoo\",\"url\":\"https:\\\/\\\/www.tatoueurparis.eu\\\/\",\"logo\":{\"@type\":\"ImageObject\",\"inLanguage\":\"fr-FR\",\"@id\":\"https:\\\/\\\/www.tatoueurparis.eu\\\/#\\\/schema\\\/logo\\\/image\\\/\",\"url\":\"https:\\\/\\\/tatoueurparis.eu\\\/wp-content\\\/uploads\\\/2022\\\/01\\\/kalie-new-VO-1-scaled.jpg\",\"contentUrl\":\"https:\\\/\\\/tatoueurparis.eu\\\/wp-content\\\/uploads\\\/2022\\\/01\\\/kalie-new-VO-1-scaled.jpg\",\"width\":2560,\"height\":2303,\"caption\":\"Kalie Art Tattoo\"},\"image\":{\"@id\":\"https:\\\/\\\/www.tatoueurparis.eu\\\/#\\\/schema\\\/logo\\\/image\\\/\"}}]}<\/script>\n<!-- \/ Yoast SEO plugin. -->","yoast_head_json":{"title":"Tatouage r\u00e9aliste | Tatouage r\u00e9alisme Paris | Tatoueur Paris \u2013 Kalie Art Tattoo","description":"Tatouage r\u00e9aliste, le salon Kalie Art Tattoo vous propose de vous accompagner dans la r\u00e9alisation de vos projets de tatouage en r\u00e9alisme.","robots":{"index":"index","follow":"follow","max-snippet":"max-snippet:-1","max-image-preview":"max-image-preview:large","max-video-preview":"max-video-preview:-1"},"canonical":"https:\/\/www.tatoueurparis.eu\/","og_locale":"fr_FR","og_type":"article","og_title":"Tatouage r\u00e9aliste | Tatouage r\u00e9alisme Paris | Tatoueur Paris \u2013 Kalie Art Tattoo","og_description":"Tatouage r\u00e9aliste, le salon Kalie Art Tattoo vous propose de vous accompagner dans la r\u00e9alisation de vos projets de tatouage en r\u00e9alisme.","og_url":"https:\/\/www.tatoueurparis.eu\/","og_site_name":"Tatoueur Paris \u2013 Kalie Art Tattoo","article_modified_time":"2022-09-08T09:42:38+00:00","og_image":[{"width":1417,"height":1743,"url":"https:\/\/www.tatoueurparis.eu\/wp-content\/uploads\/2022\/01\/6.jpg","type":"image\/jpeg"}],"twitter_card":"summary_large_image","twitter_misc":{"Dur\u00e9e de lecture estim\u00e9e":"4 minutes"},"schema":{"@context":"https:\/\/schema.org","@graph":[{"@type":"WebPage","@id":"https:\/\/www.tatoueurparis.eu\/","url":"https:\/\/www.tatoueurparis.eu\/","name":"Tatouage r\u00e9aliste | Tatouage r\u00e9alisme Paris | Tatoueur Paris \u2013 Kalie Art Tattoo","isPartOf":{"@id":"https:\/\/www.tatoueurparis.eu\/#website"},"primaryImageOfPage":{"@id":"https:\/\/www.tatoueurparis.eu\/#primaryimage"},"image":{"@id":"https:\/\/www.tatoueurparis.eu\/#primaryimage"},"thumbnailUrl":"https:\/\/www.tatoueurparis.eu\/wp-content\/uploads\/2022\/01\/6.jpg","datePublished":"2022-01-15T09:15:50+00:00","dateModified":"2022-09-08T09:42:38+00:00","description":"Tatouage r\u00e9aliste, le salon Kalie Art Tattoo vous propose de vous accompagner dans la r\u00e9alisation de vos projets de tatouage en r\u00e9alisme.","breadcrumb":{"@id":"https:\/\/www.tatoueurparis.eu\/#breadcrumb"},"inLanguage":"fr-FR","potentialAction":[{"@type":"ReadAction","target":["https:\/\/www.tatoueurparis.eu\/"]}]},{"@type":"ImageObject","inLanguage":"fr-FR","@id":"https:\/\/www.tatoueurparis.eu\/#primaryimage","url":"https:\/\/www.tatoueurparis.eu\/wp-content\/uploads\/2022\/01\/6.jpg","contentUrl":"https:\/\/www.tatoueurparis.eu\/wp-content\/uploads\/2022\/01\/6.jpg","width":1417,"height":1743,"caption":"Tatouage r\u00e9alisme paris"},{"@type":"BreadcrumbList","@id":"https:\/\/www.tatoueurparis.eu\/#breadcrumb","itemListElement":[{"@type":"ListItem","position":1,"name":"Home","item":"https:\/\/www.tatoueurparis.eu\/"},{"@type":"ListItem","position":2,"name":"Tatouage R\u00e9aliste Paris"}]},{"@type":"WebSite","@id":"https:\/\/www.tatoueurparis.eu\/#website","url":"https:\/\/www.tatoueurparis.eu\/","name":"Tatoueur Paris \u2013 Kalie Art Tattoo","description":"Kalie Art Tattoo","publisher":{"@id":"https:\/\/www.tatoueurparis.eu\/#organization"},"potentialAction":[{"@type":"SearchAction","target":{"@type":"EntryPoint","urlTemplate":"https:\/\/www.tatoueurparis.eu\/?s={search_term_string}"},"query-input":{"@type":"PropertyValueSpecification","valueRequired":true,"valueName":"search_term_string"}}],"inLanguage":"fr-FR"},{"@type":"Organization","@id":"https:\/\/www.tatoueurparis.eu\/#organization","name":"Kalie Art Tattoo","url":"https:\/\/www.tatoueurparis.eu\/","logo":{"@type":"ImageObject","inLanguage":"fr-FR","@id":"https:\/\/www.tatoueurparis.eu\/#\/schema\/logo\/image\/","url":"https:\/\/tatoueurparis.eu\/wp-content\/uploads\/2022\/01\/kalie-new-VO-1-scaled.jpg","contentUrl":"https:\/\/tatoueurparis.eu\/wp-content\/uploads\/2022\/01\/kalie-new-VO-1-scaled.jpg","width":2560,"height":2303,"caption":"Kalie Art Tattoo"},"image":{"@id":"https:\/\/www.tatoueurparis.eu\/#\/schema\/logo\/image\/"}}]}},"_links":{"self":[{"href":"https:\/\/www.tatoueurparis.eu\/index.php\/wp-json\/wp\/v2\/pages\/6","targetHints":{"allow":["GET"]}}],"collection":[{"href":"https:\/\/www.tatoueurparis.eu\/index.php\/wp-json\/wp\/v2\/pages"}],"about":[{"href":"https:\/\/www.tatoueurparis.eu\/index.php\/wp-json\/wp\/v2\/types\/page"}],"author":[{"embeddable":true,"href":"https:\/\/www.tatoueurparis.eu\/index.php\/wp-json\/wp\/v2\/users\/3"}],"replies":[{"embeddable":true,"href":"https:\/\/www.tatoueurparis.eu\/index.php\/wp-json\/wp\/v2\/comments?post=6"}],"version-history":[{"count":0,"href":"https:\/\/www.tatoueurparis.eu\/index.php\/wp-json\/wp\/v2\/pages\/6\/revisions"}],"wp:featuredmedia":[{"embeddable":true,"href":"https:\/\/www.tatoueurparis.eu\/index.php\/wp-json\/wp\/v2\/media\/455"}],"wp:attachment":[{"href":"https:\/\/www.tatoueurparis.eu\/index.php\/wp-json\/wp\/v2\/media?parent=6"}],"curies":[{"name":"wp","href":"https:\/\/api.w.org\/{rel}","templated":true}]}}